{"id":3599,"date":"2023-10-17T19:54:43","date_gmt":"2023-10-17T19:54:43","guid":{"rendered":"https:\/\/mcgeoffroy.ca\/equipe\/lea-perret\/"},"modified":"2023-11-11T11:43:31","modified_gmt":"2023-11-11T11:43:31","slug":"lea-perret","status":"publish","type":"page","link":"https:\/\/mcgeoffroy.ca\/en\/team\/lea-perret\/","title":{"rendered":"Lea Perret"},"content":{"rendered":"\n<p><em><strong><em>\u00c9tudie les voies biologiques reliant le harc\u00e8lement par les pairs au risque suicidaire<\/em><\/strong><\/em><\/p>\n\n\n\n<div class=\"wp-block-columns is-layout-flex wp-container-core-columns-is-layout-9d6595d7 wp-block-columns-is-layout-flex\">\n<div class=\"wp-block-column is-layout-flow wp-block-column-is-layout-flow\" style=\"flex-basis:66.66%\">\n<p>L\u00e9a Perret is a PhD student in the Mental Health Research program at the Department of Psychiatry at McGill University under the supervision of Dr. Geoffroy and Dr. Turecki. She holds a BSc in Biology with first class honours from Mahihol University, Thailand, and a MSc in Neuroscience from McGill University.<\/p>\n\n\n\n<p>Throughout her undergraduate and graduate studies, as well as several positions as a research assistant and coordinator, she&#8217;s cultivated research skills and experience in mental health and neuroscience. Her master&#8217;s thesis includes a first-author article published in\u00a0<em>Nature Neuroscience<\/em>\u00a0on the molecular mechanisms of susceptibility and resilience to depression.<\/p>\n\n\n\n<p>Her PhD thesis focuses on investigating the underlying mechanisms in the association between peer victimization, depressive symptoms in population-based samples. Her first PhD project on the association between cybervictimization and suicidal ideation in adolescents has been published in\u00a0<em>Journal of Child Psychology and Psychiatry<\/em>. She also published an article in\u00a0<em>Journal of Affective Disorders<\/em>\u00a0on friend support as a protective factor in the association between peer victimization and depressive symptoms in collaboration with a research team at Korea University. In addition to receiving the FRQS Doctoral Award, she was awarded an additional partial scholarship from the R\u00e9seau Qu\u00e9b\u00e9cois sur le Suicide, les Troubles de l&#8217;Humeur et les Troubles Associ\u00e9s (2018-2019), to investigate genetic vulnerability (polygenic risk scores) in relation to peer victimization, depressive symptoms.<\/p>\n\n\n\n<p>L\u00e9a currently holds a Doctoral Award (2018-2022) from Fonds de Recherche en Sant\u00e9 du Qu\u00e9bec.<\/p>\n<\/div>\n\n\n\n<div class=\"wp-block-column is-layout-flow wp-block-column-is-layout-flow\" style=\"flex-basis:33.33%\">\n<figure class=\"wp-block-image size-full\"><img fetchpriority=\"high\" decoding=\"async\" width=\"1000\" height=\"1000\" src=\"https:\/\/mcgeoffroy.ca\/wp-content\/uploads\/2023\/10\/NCO_8820spr.jpg\" alt=\"\" class=\"wp-image-455\" srcset=\"https:\/\/mcgeoffroy.ca\/wp-content\/uploads\/2023\/10\/NCO_8820spr.jpg 1000w, https:\/\/mcgeoffroy.ca\/wp-content\/uploads\/2023\/10\/NCO_8820spr-300x300.jpg 300w, https:\/\/mcgeoffroy.ca\/wp-content\/uploads\/2023\/10\/NCO_8820spr-150x150.jpg 150w, https:\/\/mcgeoffroy.ca\/wp-content\/uploads\/2023\/10\/NCO_8820spr-768x768.jpg 768w\" sizes=\"(max-width: 1000px) 100vw, 1000px\" \/><\/figure>\n\n\n\n<div style=\"height:43px\" aria-hidden=\"true\" class=\"wp-block-spacer\"><\/div>\n\n\n\n<div class=\"wp-block-buttons is-layout-flex wp-block-buttons-is-layout-flex\">\n<div class=\"wp-block-button is-style-outline is-style-outline--1\"><a class=\"wp-block-button__link wp-element-button\" href=\"https:\/\/mcgeoffroy.ca\/equipe\/\" rel=\"https:\/\/mcgeoffroy.ca\/equipe\/\">Retour \u00e0 l&#8217;\u00e9quipe<\/a><\/div>\n<\/div>\n<\/div>\n<\/div>\n","protected":false},"excerpt":{"rendered":"<p>\u00c9tudie les voies biologiques reliant le harc\u00e8lement par les pairs au risque suicidaire L\u00e9a Perret is a PhD student in the Mental Health Research program at the Department of Psychiatry at McGill University under the supervision of Dr. Geoffroy and Dr. Turecki. She holds a BSc in Biology with first class honours from Mahihol University, [&hellip;]<\/p>\n","protected":false},"author":1,"featured_media":0,"parent":3598,"menu_order":0,"comment_status":"closed","ping_status":"closed","template":"","meta":{"footnotes":""},"class_list":["post-3599","page","type-page","status-publish","hentry"],"acf":[],"_links":{"self":[{"href":"https:\/\/mcgeoffroy.ca\/en\/wp-json\/wp\/v2\/pages\/3599","targetHints":{"allow":["GET"]}}],"collection":[{"href":"https:\/\/mcgeoffroy.ca\/en\/wp-json\/wp\/v2\/pages"}],"about":[{"href":"https:\/\/mcgeoffroy.ca\/en\/wp-json\/wp\/v2\/types\/page"}],"author":[{"embeddable":true,"href":"https:\/\/mcgeoffroy.ca\/en\/wp-json\/wp\/v2\/users\/1"}],"replies":[{"embeddable":true,"href":"https:\/\/mcgeoffroy.ca\/en\/wp-json\/wp\/v2\/comments?post=3599"}],"version-history":[{"count":1,"href":"https:\/\/mcgeoffroy.ca\/en\/wp-json\/wp\/v2\/pages\/3599\/revisions"}],"predecessor-version":[{"id":3612,"href":"https:\/\/mcgeoffroy.ca\/en\/wp-json\/wp\/v2\/pages\/3599\/revisions\/3612"}],"up":[{"embeddable":true,"href":"https:\/\/mcgeoffroy.ca\/en\/wp-json\/wp\/v2\/pages\/3598"}],"wp:attachment":[{"href":"https:\/\/mcgeoffroy.ca\/en\/wp-json\/wp\/v2\/media?parent=3599"}],"curies":[{"name":"wp","href":"https:\/\/api.w.org\/{rel}","templated":true}]}}